{"id":324,"date":"2024-09-12T11:32:11","date_gmt":"2024-09-12T16:32:11","guid":{"rendered":"https:\/\/www.bluelinecustom.co\/?post_type=product&#038;p=324"},"modified":"2024-09-12T13:32:02","modified_gmt":"2024-09-12T18:32:02","slug":"guitarra-electrica-epiphone-lp-100-les-paul","status":"publish","type":"product","link":"https:\/\/www.bluelinecustom.co\/?product=guitarra-electrica-epiphone-lp-100-les-paul","title":{"rendered":"Guitarra el\u00e9ctrica Epiphone  Les Paul LP-100"},"content":{"rendered":"<p>Guitarra el\u00e9ctrica Epiphone LP-100 Les Paul, Ebany Cuerpo B. El cuerpo de caoba con arce. Con su combinaci\u00f3n ideal de caracter\u00edsticas y valor, el Epiphone Les Paul 100 es la guitarra el\u00e9ctrica perfecta para el guitarrista que avanza. Tiene un cuerpo de caoba con tapa de arce que ofrece un tono cl\u00e1sico, s\u00f3lido y pesado, mientras que el Cuello de caoba y el diapas\u00f3n de palo de rosa son f\u00e1ciles de tocar.<\/p>\n","protected":false},"excerpt":{"rendered":"<p>&nbsp;<\/p>\n<p>&nbsp;<\/p>\n","protected":false},"featured_media":325,"comment_status":"open","ping_status":"closed","template":"","meta":[],"product_cat":[43,23],"product_tag":[],"class_list":{"0":"post-324","1":"product","2":"type-product","3":"status-publish","4":"has-post-thumbnail","6":"product_cat-instrumentos-electronicos","7":"product_cat-instrumentos","9":"first","10":"instock","11":"featured","12":"shipping-taxable","13":"purchasable","14":"product-type-simple"},"jetpack_sharing_enabled":true,"_links":{"self":[{"href":"https:\/\/www.bluelinecustom.co\/index.php?rest_route=\/wp\/v2\/product\/324","targetHints":{"allow":["GET"]}}],"collection":[{"href":"https:\/\/www.bluelinecustom.co\/index.php?rest_route=\/wp\/v2\/product"}],"about":[{"href":"https:\/\/www.bluelinecustom.co\/index.php?rest_route=\/wp\/v2\/types\/product"}],"replies":[{"embeddable":true,"href":"https:\/\/www.bluelinecustom.co\/index.php?rest_route=%2Fwp%2Fv2%2Fcomments&post=324"}],"wp:featuredmedia":[{"embeddable":true,"href":"https:\/\/www.bluelinecustom.co\/index.php?rest_route=\/wp\/v2\/media\/325"}],"wp:attachment":[{"href":"https:\/\/www.bluelinecustom.co\/index.php?rest_route=%2Fwp%2Fv2%2Fmedia&parent=324"}],"wp:term":[{"taxonomy":"product_cat","embeddable":true,"href":"https:\/\/www.bluelinecustom.co\/index.php?rest_route=%2Fwp%2Fv2%2Fproduct_cat&post=324"},{"taxonomy":"product_tag","embeddable":true,"href":"https:\/\/www.bluelinecustom.co\/index.php?rest_route=%2Fwp%2Fv2%2Fproduct_tag&post=324"}],"curies":[{"name":"wp","href":"https:\/\/api.w.org\/{rel}","templated":true}]}}